{"id":93,"date":"2021-10-20T02:13:35","date_gmt":"2021-10-20T02:13:35","guid":{"rendered":"https:\/\/fbedolla.com\/?page_id=93"},"modified":"2022-08-04T12:21:56","modified_gmt":"2022-08-04T18:21:56","slug":"about-francisco-bedolla","status":"publish","type":"page","link":"https:\/\/fbedolla.com\/index.php\/about-francisco-bedolla\/","title":{"rendered":"About Francisco Bedolla"},"content":{"rendered":"\n<div class=\"wp-block-columns is-layout-flex wp-container-core-columns-is-layout-9d6595d7 wp-block-columns-is-layout-flex\">\n<div class=\"wp-block-column is-layout-flow wp-block-column-is-layout-flow\" style=\"flex-basis:66.66%\">\n<p>Trabajando con Navision\/Dynamics NAV\/Business Central desde 2004 conociendo e implementado todas las diferentes versiones a partir de 4.01.<\/p>\n\n\n\n<p>He trabajado con varios partners en M\u00e9xico para proyectos en todo America a excepci\u00f3n de Brasil.<\/p>\n\n\n\n<p>Me gusta contribuir en la comunidad compartiendo  conocimiento tanto t\u00e9cnico como de consultor\u00eda adem\u00e1s de infraestructura, Windows Server y SQL Server<\/p>\n\n\n\n<p>En 2021 inici\u00e9 el proyecto de &#8220;Implementando Business Central&#8221; en su canal de Youtube para ayudar a las empresas a entender el proceso de implementaci\u00f3n del ERP adem\u00e1s de darles gu\u00edas sobre lo que se debe (y puede) solicitar a un partner a fin de ayudar a tener una implementaci\u00f3n exitosa.<\/p>\n\n\n\n<p>Como Preventas logrando introducir ventas en pa\u00edses de Am\u00e9rica como Panam\u00e1 con una de las empresas mas importantes del pa\u00eds, en Colombia con varias empresas entre la que se destaca como una startup de alimentos que busca convertirse en el grupo de restaurantes virtuales m\u00e1s grande de Latinoam\u00e9rica.<\/p>\n\n\n\n<p>Apoy\u00f3 en ventas en Ecuador aun cuando la soluci\u00f3n no estaba liberada para ese mercado apoyando as\u00ed el crecimiento de una de las comercializadoras de alimentos mas grande del pa\u00eds. <\/p>\n<\/div>\n\n\n\n<div class=\"wp-block-column is-layout-flow wp-block-column-is-layout-flow\" style=\"flex-basis:33.33%\"><\/div>\n<\/div>\n\n\n\n<div class=\"wp-block-columns is-layout-flex wp-container-core-columns-is-layout-9d6595d7 wp-block-columns-is-layout-flex\">\n<div class=\"wp-block-column is-layout-flow wp-block-column-is-layout-flow\" style=\"flex-basis:33.33%\">\n<figure class=\"wp-block-image size-full\"><img loading=\"lazy\" decoding=\"async\" width=\"268\" height=\"800\" src=\"https:\/\/fbedolla.com\/wp-content\/uploads\/2021\/10\/face.jpg\" alt=\"\" class=\"wp-image-94\" srcset=\"https:\/\/fbedolla.com\/wp-content\/uploads\/2021\/10\/face.jpg 268w, https:\/\/fbedolla.com\/wp-content\/uploads\/2021\/10\/face-101x300.jpg 101w\" sizes=\"auto, (max-width: 268px) 100vw, 268px\" \/><\/figure>\n<\/div>\n\n\n\n<div class=\"wp-block-column is-layout-flow wp-block-column-is-layout-flow\" style=\"flex-basis:66.66%\">\n<p>Hobbies e intereses personales<\/p>\n\n\n\n<p>Adem\u00e1s del tiempo dedicado a Business Central y el trabajo, tambi\u00e9n disfruto el patinaje de velocidad aprovechando los fines de semana para rodar por la Ciudad de M\u00e9xico. <\/p>\n\n\n\n<p>La carpinter\u00eda y la mec\u00e1nica automotriz son otros de mis hobbies aunque no muy recurrentes.<\/p>\n\n\n\n<p>La cocina es otra de mis actividades preferidas tanto preparando platillos variados como haciendo el maridaje, hornear pan y pizzas. <\/p>\n\n\n\n<figure class=\"wp-block-image size-large\"><img loading=\"lazy\" decoding=\"async\" width=\"1024\" height=\"768\" src=\"https:\/\/fbedolla.com\/wp-content\/uploads\/2021\/10\/WP_000566-1024x768.jpg\" alt=\"\" class=\"wp-image-96\" srcset=\"https:\/\/fbedolla.com\/wp-content\/uploads\/2021\/10\/WP_000566-1024x768.jpg 1024w, https:\/\/fbedolla.com\/wp-content\/uploads\/2021\/10\/WP_000566-300x225.jpg 300w, https:\/\/fbedolla.com\/wp-content\/uploads\/2021\/10\/WP_000566-768x576.jpg 768w, https:\/\/fbedolla.com\/wp-content\/uploads\/2021\/10\/WP_000566-1536x1152.jpg 1536w, https:\/\/fbedolla.com\/wp-content\/uploads\/2021\/10\/WP_000566-2048x1536.jpg 2048w, https:\/\/fbedolla.com\/wp-content\/uploads\/2021\/10\/WP_000566-816x612.jpg 816w\" sizes=\"auto, (max-width: 1024px) 100vw, 1024px\" \/><\/figure>\n<\/div>\n<\/div>\n","protected":false},"excerpt":{"rendered":"<p>Trabajando con Navision\/Dynamics NAV\/Business Central desde 2004 conociendo e implementado todas las diferentes versiones a partir de 4.01. He trabajado con varios partners en M\u00e9xico para proyectos en todo America a excepci\u00f3n de Brasil. Me gusta contribuir en la comunidad compartiendo conocimiento tanto t\u00e9cnico como de consultor\u00eda adem\u00e1s de infraestructura, Windows Server y SQL Server [&hellip;]<\/p>\n","protected":false},"author":1,"featured_media":0,"parent":0,"menu_order":0,"comment_status":"closed","ping_status":"closed","template":"","meta":{"footnotes":""},"class_list":["post-93","page","type-page","status-publish","hentry"],"aioseo_notices":[],"jetpack_sharing_enabled":true,"_links":{"self":[{"href":"https:\/\/fbedolla.com\/index.php\/wp-json\/wp\/v2\/pages\/93","targetHints":{"allow":["GET"]}}],"collection":[{"href":"https:\/\/fbedolla.com\/index.php\/wp-json\/wp\/v2\/pages"}],"about":[{"href":"https:\/\/fbedolla.com\/index.php\/wp-json\/wp\/v2\/types\/page"}],"author":[{"embeddable":true,"href":"https:\/\/fbedolla.com\/index.php\/wp-json\/wp\/v2\/users\/1"}],"replies":[{"embeddable":true,"href":"https:\/\/fbedolla.com\/index.php\/wp-json\/wp\/v2\/comments?post=93"}],"version-history":[{"count":3,"href":"https:\/\/fbedolla.com\/index.php\/wp-json\/wp\/v2\/pages\/93\/revisions"}],"predecessor-version":[{"id":423,"href":"https:\/\/fbedolla.com\/index.php\/wp-json\/wp\/v2\/pages\/93\/revisions\/423"}],"wp:attachment":[{"href":"https:\/\/fbedolla.com\/index.php\/wp-json\/wp\/v2\/media?parent=93"}],"curies":[{"name":"wp","href":"https:\/\/api.w.org\/{rel}","templated":true}]}}