{"id":3,"date":"2021-10-05T23:13:44","date_gmt":"2021-10-05T23:13:44","guid":{"rendered":"https:\/\/fbedolla.com\/?page_id=3"},"modified":"2021-10-20T15:03:51","modified_gmt":"2021-10-20T15:03:51","slug":"privacy-policy","status":"publish","type":"page","link":"https:\/\/fbedolla.com\/index.php\/privacy-policy\/","title":{"rendered":"Privacy Policy"},"content":{"rendered":"\n<h2 class=\"wp-block-heading\"><\/h2>\n\n\n\n<p>This privacy policy has been compiled to better serve those who are concerned with how their \u2018Personally Identifiable Information\u2019 (PII) is being used online. PII, as described in US privacy law and information security, is information that can be used on its own or with other information to identify, contact, or locate a single person, or to identify an individual in context. Please read our privacy policy carefully to get a clear understanding of how we collect, use, protect or otherwise handle your Personally Identifiable Information in accordance with our website.<\/p>\n\n\n\n<p class=\"has-large-font-size\"><strong>Politica de Privacidad<\/strong><\/p>\n\n\n\n<p>Esta pol\u00edtica de privacidad se ha compilado para brindar un mejor servicio a quienes est\u00e1n preocupados por c\u00f3mo se utiliza en l\u00ednea su &#8220;Informaci\u00f3n de identificaci\u00f3n personal&#8221; (PII). La PII, como se describe en la ley de privacidad y seguridad de la informaci\u00f3n de EE. UU., Es informaci\u00f3n que se puede usar sola o con otra informaci\u00f3n para identificar, contactar o localizar a una sola persona, o para identificar a una persona en contexto. Lea atentamente nuestra pol\u00edtica de privacidad para comprender claramente c\u00f3mo recopilamos, usamos, protegemos o manejamos su informaci\u00f3n de identificaci\u00f3n personal de acuerdo con nuestro sitio web.<\/p>\n\n\n\n<h2 class=\"wp-block-heading\"><strong>What personal information do we collect from the people that visit our blog, website or app<\/strong><\/h2>\n\n\n\n<p>We do not collect information from visitors of our site or other details to help you with your experience.<\/p>\n\n\n\n<p class=\"has-large-font-size\"><strong>\u00bfQu\u00e9 informaci\u00f3n personal recopilamos de las personas que visitan nuestro blog, sitio web o aplicaci\u00f3n? <\/strong><\/p>\n\n\n\n<p>No recopilamos informaci\u00f3n de los visitantes de nuestro sitio u otros detalles para ayudarlo con su experiencia.<\/p>\n\n\n\n<h2 class=\"wp-block-heading\"><strong>When do we collect information?<\/strong><\/h2>\n\n\n\n<p>We collect information from you when you register on our site or enter information on our site.<\/p>\n\n\n\n<p class=\"has-large-font-size\"> <strong>\u00bfCu\u00e1ndo recopilamos informaci\u00f3n?<\/strong><\/p>\n\n\n\n<p>Recopilamos informaci\u00f3n sobre usted cuando se registra en nuestro sitio o ingresa informaci\u00f3n en nuestro sitio.<\/p>\n\n\n\n<h2 class=\"wp-block-heading\"><strong>How do we use your information?<\/strong><\/h2>\n\n\n\n<p>We may use the information we collect from you when you register, make a comment and just to give you an answer if its need it.<\/p>\n\n\n\n<p class=\"has-large-font-size\"><strong>\u00bfC\u00f3mo usamos su informaci\u00f3n?<\/strong><\/p>\n\n\n\n<p>Podemos utilizar la informaci\u00f3n que recopilamos de usted cuando se registra, hace un comentario y solo para darle una respuesta si la necesita.<\/p>\n\n\n\n<h2 class=\"wp-block-heading\"><strong>How do we protect your information?<\/strong><\/h2>\n\n\n\n<p>We do not use vulnerability scanning and\/or scanning to PCI standards.<\/p>\n\n\n\n<p>We only provide articles and information. <\/p>\n\n\n\n<p>We use regular Malware Scanning<\/p>\n\n\n\n<p>We never send emails to ask anything from you.<\/p>\n\n\n\n<p class=\"has-large-font-size\"><strong>C\u00f3mo protegemos tu informaci\u00f3n<\/strong><\/p>\n\n\n\n<p>No utilizamos el escaneo de vulnerabilidades y \/ o el escaneo seg\u00fan los est\u00e1ndares de PCI.<\/p>\n\n\n\n<p>Solo proporcionamos art\u00edculos e informaci\u00f3n.<\/p>\n\n\n\n<p>Usamos escaneo de malware regular.<\/p>\n\n\n\n<p>Nunca enviamos correos electr\u00f3nicos para pedirle informaci\u00f3n de ningun tipo.<\/p>\n\n\n\n<h2 class=\"wp-block-heading\"><strong>Third-party disclosure<\/strong> and links<\/h2>\n\n\n\n<p>We do not sell, trade, or otherwise transfer to outside parties your Personally Identifiable Information and do not include or offer third-party products or services on our website.<\/p>\n\n\n\n<p class=\"has-large-font-size\"> <strong>Third-party disclosure and links <\/strong><\/p>\n\n\n\n<p>No vendemos, intercambiamos ni transferimos a terceros su informaci\u00f3n de identificaci\u00f3n personal y no incluimos ni ofrecemos productos o servicios de terceros en nuestro sitio web.<\/p>\n","protected":false},"excerpt":{"rendered":"<p>This privacy policy has been compiled to better serve those who are concerned with how their \u2018Personally Identifiable Information\u2019 (PII) is being used online. PII, as described in US privacy law and information security, is information that can be used on its own or with other information to identify, contact, or locate a single person, [&hellip;]<\/p>\n","protected":false},"author":1,"featured_media":0,"parent":0,"menu_order":0,"comment_status":"closed","ping_status":"open","template":"","meta":{"footnotes":""},"class_list":["post-3","page","type-page","status-publish","hentry"],"aioseo_notices":[],"jetpack_sharing_enabled":true,"_links":{"self":[{"href":"https:\/\/fbedolla.com\/index.php\/wp-json\/wp\/v2\/pages\/3","targetHints":{"allow":["GET"]}}],"collection":[{"href":"https:\/\/fbedolla.com\/index.php\/wp-json\/wp\/v2\/pages"}],"about":[{"href":"https:\/\/fbedolla.com\/index.php\/wp-json\/wp\/v2\/types\/page"}],"author":[{"embeddable":true,"href":"https:\/\/fbedolla.com\/index.php\/wp-json\/wp\/v2\/users\/1"}],"replies":[{"embeddable":true,"href":"https:\/\/fbedolla.com\/index.php\/wp-json\/wp\/v2\/comments?post=3"}],"version-history":[{"count":2,"href":"https:\/\/fbedolla.com\/index.php\/wp-json\/wp\/v2\/pages\/3\/revisions"}],"predecessor-version":[{"id":99,"href":"https:\/\/fbedolla.com\/index.php\/wp-json\/wp\/v2\/pages\/3\/revisions\/99"}],"wp:attachment":[{"href":"https:\/\/fbedolla.com\/index.php\/wp-json\/wp\/v2\/media?parent=3"}],"curies":[{"name":"wp","href":"https:\/\/api.w.org\/{rel}","templated":true}]}}