{"id":288,"date":"2022-02-02T12:52:38","date_gmt":"2022-02-02T18:52:38","guid":{"rendered":"https:\/\/fbedolla.com\/?page_id=288"},"modified":"2022-02-02T12:52:39","modified_gmt":"2022-02-02T18:52:39","slug":"end-user-license-agreement","status":"publish","type":"page","link":"https:\/\/fbedolla.com\/index.php\/end-user-license-agreement\/","title":{"rendered":"End User License Agreement"},"content":{"rendered":"\n<p>Copyright 2022 Francisco Bedolla<\/p>\n\n\n\n<p>Permission is hereby granted, free of charge, to any person obtaining a copy of this software and associated documentation files (the &#8220;Software&#8221;), to deal in the Software without restriction, including without limitation the rights to use, copy, modify, merge, publish, distribute, sublicense, and\/or sell copies of the Software, and to permit persons to whom the Software is furnished to do so, subject to the following conditions:<\/p>\n\n\n\n<p>The above copyright notice and this permission notice shall be included in all copies or substantial portions of the Software.<\/p>\n\n\n\n<p>THE SOFTWARE IS PROVIDED &#8220;AS IS&#8221;, WITHOUT WARRANTY OF ANY KIND, EXPRESS OR IMPLIED, INCLUDING BUT NOT LIMITED TO THE WARRANTIES OF MERCHANTABILITY, FITNESS FOR A PARTICULAR PURPOSE AND NONINFRINGEMENT. IN NO EVENT SHALL THE AUTHORS OR COPYRIGHT HOLDERS BE LIABLE FOR ANY CLAIM, DAMAGES OR OTHER LIABILITY, WHETHER IN AN ACTION OF CONTRACT, TORT OR OTHERWISE, ARISING FROM, OUT OF OR IN CONNECTION WITH THE SOFTWARE OR THE USE OR OTHER DEALINGS IN THE SOFTWARE.<\/p>\n\n\n\n<p>Por la presente se otorga permiso, sin cargo, a cualquier persona que obtenga una copia de este software y los archivos de documentaci\u00f3n asociados (el &#8220;Software&#8221;), para operar con el Software sin restricciones, incluidos, entre otros, los derechos de uso, copia, modificar, fusionar, publicar, distribuir, sublicenciar y\/o vender copias del Software, y permitir que las personas a las que se les proporcione el Software lo hagan, sujeto a las siguientes condiciones:<\/p>\n\n\n\n<p>El aviso de derechos de autor anterior y este aviso de permiso se incluir\u00e1n en todas las copias o partes sustanciales del Software.<\/p>\n\n\n\n<p>EL SOFTWARE SE PROPORCIONA &#8220;TAL CUAL&#8221;, SIN GARANT\u00cdA DE NING\u00daN TIPO, EXPRESA O IMPL\u00cdCITA, INCLUYENDO, ENTRE OTRAS, LAS GARANT\u00cdAS DE COMERCIABILIDAD, IDONEIDAD PARA UN FIN DETERMINADO Y NO VIOLACI\u00d3N. EN NING\u00daN CASO LOS AUTORES O LOS TITULARES DE LOS DERECHOS DE AUTOR SER\u00c1N RESPONSABLES DE CUALQUIER RECLAMACI\u00d3N, DA\u00d1OS U OTRA RESPONSABILIDAD, YA SEA EN UNA ACCI\u00d3N DE CONTRATO, AGRAVIO O DE OTRO TIPO, QUE SURJA DE, FUERA DE O EN RELACI\u00d3N CON EL SOFTWARE O EL USO U OTROS TRATOS EN EL SOFTWARE.<\/p>\n","protected":false},"excerpt":{"rendered":"<p>Copyright 2022 Francisco Bedolla Permission is hereby granted, free of charge, to any person obtaining a copy of this software and associated documentation files (the &#8220;Software&#8221;), to deal in the Software without restriction, including without limitation the rights to use, copy, modify, merge, publish, distribute, sublicense, and\/or sell copies of the Software, and to permit [&hellip;]<\/p>\n","protected":false},"author":1,"featured_media":0,"parent":0,"menu_order":0,"comment_status":"closed","ping_status":"closed","template":"","meta":{"footnotes":""},"class_list":["post-288","page","type-page","status-publish","hentry"],"aioseo_notices":[],"jetpack_sharing_enabled":true,"_links":{"self":[{"href":"https:\/\/fbedolla.com\/index.php\/wp-json\/wp\/v2\/pages\/288","targetHints":{"allow":["GET"]}}],"collection":[{"href":"https:\/\/fbedolla.com\/index.php\/wp-json\/wp\/v2\/pages"}],"about":[{"href":"https:\/\/fbedolla.com\/index.php\/wp-json\/wp\/v2\/types\/page"}],"author":[{"embeddable":true,"href":"https:\/\/fbedolla.com\/index.php\/wp-json\/wp\/v2\/users\/1"}],"replies":[{"embeddable":true,"href":"https:\/\/fbedolla.com\/index.php\/wp-json\/wp\/v2\/comments?post=288"}],"version-history":[{"count":1,"href":"https:\/\/fbedolla.com\/index.php\/wp-json\/wp\/v2\/pages\/288\/revisions"}],"predecessor-version":[{"id":289,"href":"https:\/\/fbedolla.com\/index.php\/wp-json\/wp\/v2\/pages\/288\/revisions\/289"}],"wp:attachment":[{"href":"https:\/\/fbedolla.com\/index.php\/wp-json\/wp\/v2\/media?parent=288"}],"curies":[{"name":"wp","href":"https:\/\/api.w.org\/{rel}","templated":true}]}}